{"id":355,"date":"2026-04-07T11:04:37","date_gmt":"2026-04-07T11:04:37","guid":{"rendered":"https:\/\/uonggiamcan.com\/?post_type=product&#038;p=355"},"modified":"2026-04-07T11:05:13","modified_gmt":"2026-04-07T11:05:13","slug":"kem-danh-rang-da-nang-glister-multi-action-toothpaste","status":"publish","type":"product","link":"https:\/\/uonggiamcan.com\/index.php\/san-pham\/kem-danh-rang-da-nang-glister-multi-action-toothpaste\/","title":{"rendered":"Kem \u0111\u00e1nh r\u0103ng \u0111a n\u0103ng Glister Multi-Action Toothpaste"},"content":{"rendered":"<p><strong>H\u01b0\u1edbng d\u1eabn s\u1eed d\u1ee5ng:<\/strong><\/p>\n<p><strong>B\u01af\u1edaC 1: \u0110\u00e1nh r\u0103ng v\u1edbi kem \u0111\u00e1nh r\u0103ng Glister v\u00e0o bu\u1ed5i s\u00e1ng v\u00e0 t\u1ed1i (2 l\u1ea7n\/ ng\u00e0y) ho\u1eb7c sau b\u1eefa \u0103n<\/strong><\/p>\n<p>&#8211; Thoa kem \u0111\u00e1nh r\u0103ng l\u00ean l\u00f4ng b\u00e0n ch\u1ea3i, \u0111\u1eb7t b\u00e0n ch\u1ea3i nghi\u00eang m\u1ed9t g\u00f3c 45 so v\u1edbi n\u01b0\u1edbu. Ch\u1ea3i qua l\u1ea1i theo chuy\u1ec3n \u0111\u1ed9ng tr\u00f2n trong \u00edt nh\u1ea5t 2 ph\u00fat. \u0110\u1eebng qu\u00ean l\u00e0m s\u1ea1ch n\u01b0\u1edbu nh\u1eb9 nh\u00e0ng.<\/p>\n<p>&#8211; S\u1eed d\u1ee5ng \u0111\u1ea7u b\u00e0n ch\u1ea3i \u0111\u1ec3 l\u00e0m s\u1ea1ch m\u1eb7t trong c\u1ee7a r\u0103ng, ch\u1ea3i nh\u1eb9 nh\u00e0ng t\u1eeb tr\u00ean xu\u1ed1ng d\u01b0\u1edbi.<\/p>\n<p>&#8211; S\u1eed d\u1ee5ng b\u1ec1 m\u1eb7t m\u1ec1m \u1edf m\u1eb7t sau c\u1ee7a b\u00e0n ch\u1ea3i \u0111\u00e1nh r\u0103ng Glister, l\u00e0m s\u1ea1ch l\u01b0\u1ee1i v\u00e0 m\u1eb7t trong c\u1ee7a m\u00e1.<\/p>\n<p>B\u01af\u1edaC 2: S\u1eed d\u1ee5ng ch\u1ec9 v\u1ec7 sinh r\u0103ng Glister l\u00e0m s\u1ea1ch m\u1ea3ng b\u00e1m kh\u00f3 l\u1ea5y trong k\u1ebd r\u0103ng v\u00e0 ch\u00e2n n\u01b0\u1edbu.<\/p>\n<p>B\u01af\u1edaC 3: S\u1eed d\u1ee5ng n\u01b0\u1edbc s\u00fac mi\u1ec7ng Glister \u0111\u1ec3 t\u0103ng c\u01b0\u1eddng lo\u1ea1i b\u1ecf m\u1ea3ng b\u00e1m v\u00e0 h\u01a1i th\u1edf th\u01a1m m\u00e1t.<\/p>\n<p><img loading=\"lazy\" decoding=\"async\" class=\"alignnone size-large wp-image-6049\" src=\"http:\/\/nppchinhhang.com\/wp-content\/uploads\/2025\/04\/Kem-danh-rang-da-nang-Glister-Multi-Action-Toothpaste-471x1024.jpg\" alt=\"\" width=\"471\" height=\"1024\" \/><\/p>\n<p><strong>C\u00e1ch b\u1ea3o qu\u1ea3n:<\/strong>\u00a0\u0110\u1eady n\u1eafp ngay sau khi s\u1eed d\u1ee5ng. B\u1ea3o qu\u1ea3n s\u1ea3n ph\u1ea9m \u1edf n\u01a1i kh\u00f4 r\u00e1o, tho\u00e1ng m\u00e1t. Tr\u00e1nh \u00e1nh n\u1eafng tr\u1ef1c ti\u1ebfp.<\/p>\n<p><strong>L\u01b0u \u00fd:<\/strong><\/p>\n<p>&#8211; Tr\u1ebb em d\u01b0\u1edbi 6 tu\u1ed5i: S\u1eed d\u1ee5ng l\u01b0\u1ee3ng kem \u0111\u00e1nh r\u0103ng c\u1ee1 b\u1eb1ng h\u1ea1t \u0111\u1eadu nh\u1ecf d\u01b0\u1edbi s\u1ef1 gi\u00e1m s\u00e1t c\u1ee7a ng\u01b0\u1eddi l\u1edbn \u0111\u1ec3 h\u1ea1n ch\u1ebf t\u00ecnh tr\u1ea1ng nu\u1ed1t kem \u0111\u00e1nh r\u0103ng.<\/p>\n<p>&#8211; Tham kh\u1ea3o \u00fd ki\u1ebfn b\u00e1c s\u0129\/ chuy\u00ean gia nha khoa trong tr\u01b0\u1eddng h\u1ee3p n\u1ebfu c\u00f3 h\u1ea5p th\u1ee5 Fluoride t\u1eeb c\u00e1c ngu\u1ed3n kh\u00e1c (d\u1ef1a theo Annex ACD c\u1ee7a Asean).<\/p>\n<p>&nbsp;<\/p>\n<p><strong>Xu\u1ea5t x\u1ee9:<\/strong>\u00a0Trung Qu\u1ed1c<\/p>\n<p><strong>Kh\u1ed1i l\u01b0\u1ee3ng:<\/strong><\/p>\n<p>Tu\u00fdp 200g &#8211; \u01b0\u1edbc t\u00ednh \u0111\u1ebfn 198 l\u1ea7n s\u1eed d\u1ee5ng<\/p>\n<p>C\u00f4ng ty ch\u1ecbu tr\u00e1ch nhi\u1ec7m nh\u1eadp kh\u1ea9u v\u00e0 ph\u00e2n ph\u1ed1i s\u1ea3n ph\u1ea9m: C\u00f4ng ty TNHH Amway Vi\u1ec7t Nam, 18 VSIP II-A, \u0111\u01b0\u1eddng s\u1ed1 30, KCN Vi\u1ec7t Nam &#8211; Singapore II-A, P. V\u0129nh T\u00e2n, Th\u00e0nh ph\u1ed1 T\u00e2n Uy\u00ean, B\u00ecnh D\u01b0\u01a1ng, Vi\u1ec7t Nam. Hotline: 18001700.<\/p>\n<p><strong>Gi\u1ea5y x\u00e1c nh\u1eadn n\u1ed9i dung qu\u1ea3ng c\u00e1o s\u1ed1: 36\/2023\/XNQC-YTBD, 37\/2023\/XNQC-YTBD. Ng\u00e0y: 30\/03\/2023\u00a0<\/strong><\/p>\n<p><strong>Phi\u1ebfu c\u00f4ng b\u1ed1 s\u1ea3n ph\u1ea9m m\u1ef9 ph\u1ea9m s\u1ed1: 178313\/22\/CBMP-QLD. Ng\u00e0y: 17\/08\/2022\u00a0<\/strong><\/p>\n","protected":false},"excerpt":{"rendered":"<p><strong>B\u01af\u1edaC 1: \u0110\u00e1nh r\u0103ng v\u1edbi kem \u0111\u00e1nh r\u0103ng Glister v\u00e0o bu\u1ed5i s\u00e1ng v\u00e0 t\u1ed1i (2 l\u1ea7n\/ ng\u00e0y) ho\u1eb7c sau b\u1eefa \u0103n<\/strong><\/p>\n<p>&#8211; Thoa kem \u0111\u00e1nh r\u0103ng l\u00ean l\u00f4ng b\u00e0n ch\u1ea3i, \u0111\u1eb7t b\u00e0n ch\u1ea3i nghi\u00eang m\u1ed9t g\u00f3c 45 so v\u1edbi n\u01b0\u1edbu. Ch\u1ea3i qua l\u1ea1i theo chuy\u1ec3n \u0111\u1ed9ng tr\u00f2n trong \u00edt nh\u1ea5t 2 ph\u00fat. \u0110\u1eebng qu\u00ean l\u00e0m s\u1ea1ch n\u01b0\u1edbu nh\u1eb9 nh\u00e0ng.<\/p>\n<p>&#8211; S\u1eed d\u1ee5ng \u0111\u1ea7u b\u00e0n ch\u1ea3i \u0111\u1ec3 l\u00e0m s\u1ea1ch m\u1eb7t trong c\u1ee7a r\u0103ng, ch\u1ea3i nh\u1eb9 nh\u00e0ng t\u1eeb tr\u00ean xu\u1ed1ng d\u01b0\u1edbi.<\/p>\n<p>&#8211; S\u1eed d\u1ee5ng b\u1ec1 m\u1eb7t m\u1ec1m \u1edf m\u1eb7t sau c\u1ee7a b\u00e0n ch\u1ea3i \u0111\u00e1nh r\u0103ng Glister, l\u00e0m s\u1ea1ch l\u01b0\u1ee1i v\u00e0 m\u1eb7t trong c\u1ee7a m\u00e1.<\/p>\n<p>B\u01af\u1edaC 2: S\u1eed d\u1ee5ng ch\u1ec9 v\u1ec7 sinh r\u0103ng Glister l\u00e0m s\u1ea1ch m\u1ea3ng b\u00e1m kh\u00f3 l\u1ea5y trong k\u1ebd r\u0103ng v\u00e0 ch\u00e2n n\u01b0\u1edbu.<\/p>\n<p>B\u01af\u1edaC 3: S\u1eed d\u1ee5ng n\u01b0\u1edbc s\u00fac mi\u1ec7ng Glister \u0111\u1ec3 t\u0103ng c\u01b0\u1eddng lo\u1ea1i b\u1ecf m\u1ea3ng b\u00e1m v\u00e0 h\u01a1i th\u1edf th\u01a1m m\u00e1t.<\/p>\n<p><strong>C\u00e1ch b\u1ea3o qu\u1ea3n:<\/strong>\u00a0\u0110\u1eady n\u1eafp ngay sau khi s\u1eed d\u1ee5ng. B\u1ea3o qu\u1ea3n s\u1ea3n ph\u1ea9m \u1edf n\u01a1i kh\u00f4 r\u00e1o, tho\u00e1ng m\u00e1t. Tr\u00e1nh<\/p>\n","protected":false},"featured_media":410,"comment_status":"open","ping_status":"closed","template":"","meta":[],"product_brand":[],"product_cat":[454],"product_tag":[],"class_list":{"0":"post-355","1":"product","2":"type-product","3":"status-publish","4":"has-post-thumbnail","6":"product_cat-cham-soc-ca-nhan-amway","8":"first","9":"instock","10":"sale","11":"shipping-taxable","12":"purchasable","13":"product-type-simple"},"_links":{"self":[{"href":"https:\/\/uonggiamcan.com\/index.php\/wp-json\/wp\/v2\/product\/355","targetHints":{"allow":["GET"]}}],"collection":[{"href":"https:\/\/uonggiamcan.com\/index.php\/wp-json\/wp\/v2\/product"}],"about":[{"href":"https:\/\/uonggiamcan.com\/index.php\/wp-json\/wp\/v2\/types\/product"}],"replies":[{"embeddable":true,"href":"https:\/\/uonggiamcan.com\/index.php\/wp-json\/wp\/v2\/comments?post=355"}],"wp:featuredmedia":[{"embeddable":true,"href":"https:\/\/uonggiamcan.com\/index.php\/wp-json\/wp\/v2\/media\/410"}],"wp:attachment":[{"href":"https:\/\/uonggiamcan.com\/index.php\/wp-json\/wp\/v2\/media?parent=355"}],"wp:term":[{"taxonomy":"product_brand","embeddable":true,"href":"https:\/\/uonggiamcan.com\/index.php\/wp-json\/wp\/v2\/product_brand?post=355"},{"taxonomy":"product_cat","embeddable":true,"href":"https:\/\/uonggiamcan.com\/index.php\/wp-json\/wp\/v2\/product_cat?post=355"},{"taxonomy":"product_tag","embeddable":true,"href":"https:\/\/uonggiamcan.com\/index.php\/wp-json\/wp\/v2\/product_tag?post=355"}],"curies":[{"name":"wp","href":"https:\/\/api.w.org\/{rel}","templated":true}]}}